{"id":51,"date":"2025-05-24T06:19:01","date_gmt":"2025-05-24T04:19:01","guid":{"rendered":"https:\/\/gr14.vxsct59016.avnam.net\/?page_id=51"},"modified":"2025-07-19T02:35:54","modified_gmt":"2025-07-19T00:35:54","slug":"pruebasfabri_inicio","status":"publish","type":"page","link":"https:\/\/gr14.vxsct59016.avnam.net\/?page_id=51","title":{"rendered":"Inscribirse"},"content":{"rendered":"\t\t<div data-elementor-type=\"wp-page\" data-elementor-id=\"51\" class=\"elementor elementor-51\">\n\t\t\t\t<div class=\"elementor-element elementor-element-01aa9ac e-flex e-con-boxed e-con e-parent\" data-id=\"01aa9ac\" data-element_type=\"container\" data-settings=\"{&quot;background_background&quot;:&quot;classic&quot;}\">\n\t\t\t\t\t<div class=\"e-con-inner\">\n\t\t\t\t<div class=\"elementor-element elementor-element-1f7cf6b elementor-widget elementor-widget-wpforms\" data-id=\"1f7cf6b\" data-element_type=\"widget\" data-widget_type=\"wpforms.default\">\n\t\t\t\t<div class=\"elementor-widget-container\">\n\t\t\t\t\t<style id=\"wpforms-css-vars-elementor-widget-1f7cf6b\">\n\t\t\t\t.elementor-widget-wpforms.elementor-element-1f7cf6b {\n\t\t\t\t--wpforms-field-border-radius: 16px;\n--wpforms-field-size-input-height: 50px;\n--wpforms-field-size-input-spacing: 20px;\n--wpforms-field-size-font-size: 18px;\n--wpforms-field-size-line-height: 21px;\n--wpforms-field-size-padding-h: 14px;\n--wpforms-field-size-checkbox-size: 18px;\n--wpforms-field-size-sublabel-spacing: 10px;\n--wpforms-field-size-icon-size: 1.25;\n--wpforms-label-size-font-size: 16px;\n--wpforms-label-size-line-height: 19px;\n--wpforms-label-size-sublabel-font-size: 14px;\n--wpforms-label-size-sublabel-line-height: 17px;\n--wpforms-button-size-font-size: 17px;\n--wpforms-button-size-height: 41px;\n--wpforms-button-size-padding-h: 15px;\n--wpforms-button-size-margin-top: 10px;\n\n\t\t\t}\n\t\t\t<\/style><div class=\"wpforms-container wpforms-container-full wpforms-render-modern\" id=\"wpforms-403\"><form id=\"wpforms-form-403\" class=\"wpforms-validate wpforms-form wpforms-ajax-form\" data-formid=\"403\" method=\"post\" enctype=\"multipart\/form-data\" action=\"\/index.php?rest_route=%2Fwp%2Fv2%2Fpages%2F51\" data-token=\"18784eb45e297aa01c4953665c6fd5ba\" data-token-time=\"1776109254\"><noscript class=\"wpforms-error-noscript\">Por favor, activa JavaScript en tu navegador para completar este formulario.<\/noscript><div class=\"wpforms-hidden\" id=\"wpforms-error-noscript\">Por favor, activa JavaScript en tu navegador para completar este formulario.<\/div><div class=\"wpforms-field-container\"><div id=\"wpforms-403-field_1-container\" class=\"wpforms-field wpforms-field-name\" data-field-id=\"1\"><label class=\"wpforms-field-label\" for=\"wpforms-403-field_1\">Nombre de su hijo\/a <span class=\"wpforms-required-label\" aria-hidden=\"true\">*<\/span><\/label><input type=\"text\" id=\"wpforms-403-field_1\" class=\"wpforms-field-medium wpforms-field-required\" name=\"wpforms[fields][1]\" aria-errormessage=\"wpforms-403-field_1-error\" required><\/div><div id=\"wpforms-403-field_4-container\" class=\"wpforms-field wpforms-field-number\" data-field-id=\"4\"><label class=\"wpforms-field-label\" for=\"wpforms-403-field_4\">Edad<\/label><input type=\"number\" id=\"wpforms-403-field_4\" class=\"wpforms-field-medium\" name=\"wpforms[fields][4]\" step=\"any\" aria-errormessage=\"wpforms-403-field_4-error\" ><\/div><div id=\"wpforms-403-field_2-container\" class=\"wpforms-field wpforms-field-email\" data-field-id=\"2\"><label class=\"wpforms-field-label\" for=\"wpforms-403-field_2\">Correo electr\u00f3nico del tutor <span class=\"wpforms-required-label\" aria-hidden=\"true\">*<\/span><\/label><input type=\"email\" id=\"wpforms-403-field_2\" class=\"wpforms-field-medium wpforms-field-required\" name=\"wpforms[fields][2]\" spellcheck=\"false\" aria-errormessage=\"wpforms-403-field_2-error\" required><\/div><div id=\"wpforms-403-field_5-container\" class=\"wpforms-field wpforms-field-number\" data-field-id=\"5\"><label class=\"wpforms-field-label\" for=\"wpforms-403-field_5\">Tel\u00e9fono de contacto<\/label><input type=\"number\" id=\"wpforms-403-field_5\" class=\"wpforms-field-medium\" name=\"wpforms[fields][5]\" step=\"any\" aria-errormessage=\"wpforms-403-field_5-error\" ><\/div><div id=\"wpforms-403-field_6-container\" class=\"wpforms-field wpforms-field-select wpforms-field-select-style-classic\" data-field-id=\"6\"><label class=\"wpforms-field-label\" for=\"wpforms-403-field_6\">Elija el horario de la clase <\/label><select id=\"wpforms-403-field_6\" class=\"wpforms-field-medium\" name=\"wpforms[fields][6]\"><option value=\"Viernes 15hrs-17hrs\" >Viernes 15hrs-17hrs<\/option><option value=\"S\u00e1bado 9hrs-11hrs\" >S\u00e1bado 9hrs-11hrs<\/option><option value=\"S\u00e1bado 15hrs-17hrs\" >S\u00e1bado 15hrs-17hrs<\/option><\/select><\/div><div id=\"wpforms-403-field_3-container\" class=\"wpforms-field wpforms-field-textarea\" data-field-id=\"3\"><label class=\"wpforms-field-label\" for=\"wpforms-403-field_3\">Por qu\u00e9 le gustar\u00eda que su hijo\/a participe de este taller?<\/label><textarea id=\"wpforms-403-field_3\" class=\"wpforms-field-medium\" name=\"wpforms[fields][3]\" aria-errormessage=\"wpforms-403-field_3-error\" ><\/textarea><\/div><div id=\"wpforms-403-field_7-container\" class=\"wpforms-field wpforms-field-textarea\" data-field-id=\"7\"><label class=\"wpforms-field-label\" for=\"wpforms-403-field_7\">Su hijo\/a tiene alguna condici\u00f3n m\u00e9dica o recibe alg\u00fan tratamiento que debamos saber?<\/label><textarea id=\"wpforms-403-field_7\" class=\"wpforms-field-medium\" name=\"wpforms[fields][7]\" aria-errormessage=\"wpforms-403-field_7-error\" ><\/textarea><\/div><div id=\"wpforms-403-field_8-container\" class=\"wpforms-field wpforms-field-select wpforms-field-select-style-classic\" data-field-id=\"8\"><label class=\"wpforms-field-label\" for=\"wpforms-403-field_8\">Como se enter\u00f3 de este taller?<\/label><select id=\"wpforms-403-field_8\" class=\"wpforms-field-medium\" name=\"wpforms[fields][8]\"><option value=\"Instagram\" >Instagram<\/option><option value=\"Recomendacion\" >Recomendacion<\/option><option value=\"Sitio Web\" >Sitio Web<\/option><option value=\"Otro\" >Otro<\/option><\/select><\/div><div id=\"wpforms-403-field_9-container\" class=\"wpforms-field wpforms-field-textarea\" data-field-id=\"9\"><label class=\"wpforms-field-label\" for=\"wpforms-403-field_9\">Comentarios o dudas adicionales<\/label><textarea id=\"wpforms-403-field_9\" class=\"wpforms-field-medium\" name=\"wpforms[fields][9]\" aria-errormessage=\"wpforms-403-field_9-error\" ><\/textarea><\/div><\/div><!-- .wpforms-field-container --><div class=\"wpforms-submit-container\" ><input type=\"hidden\" name=\"wpforms[id]\" value=\"403\"><input type=\"hidden\" name=\"page_title\" value=\"\"><input type=\"hidden\" name=\"page_url\" value=\"https:\/\/gr14.vxsct59016.avnam.net\/index.php?rest_route=\/wp\/v2\/pages\/51\"><input type=\"hidden\" name=\"url_referer\" value=\"\"><button type=\"submit\" name=\"wpforms[submit]\" id=\"wpforms-submit-403\" class=\"wpforms-submit\" data-alt-text=\"Enviando...\" data-submit-text=\"Enviar\" aria-live=\"assertive\" value=\"wpforms-submit\">Enviar<\/button><img decoding=\"async\" src=\"https:\/\/gr14.vxsct59016.avnam.net\/wp-content\/plugins\/wpforms-lite\/assets\/images\/submit-spin.svg\" class=\"wpforms-submit-spinner\" style=\"display: none;\" width=\"26\" height=\"26\" alt=\"Cargando\"><\/div><\/form><\/div>  <!-- .wpforms-container -->\t\t\t\t<\/div>\n\t\t\t\t<\/div>\n\t\t\t\t\t<\/div>\n\t\t\t\t<\/div>\n\t\t\t\t<\/div>\n\t\t","protected":false},"excerpt":{"rendered":"<p>Por favor, activa JavaScript en tu navegador para completar este formulario.Por favor, activa JavaScript en tu navegador para completar este formulario.Nombre de su hijo\/a *EdadCorreo electr\u00f3nico del tutor *Tel\u00e9fono de contactoElija el horario de la clase Viernes 15hrs-17hrsS\u00e1bado 9hrs-11hrsS\u00e1bado 15hrs-17hrsPor qu\u00e9 le gustar\u00eda que su hijo\/a participe de este taller?Su hijo\/a tiene alguna condici\u00f3n m\u00e9dica [&hellip;]<\/p>\n","protected":false},"author":4,"featured_media":0,"parent":0,"menu_order":0,"comment_status":"closed","ping_status":"closed","template":"elementor_header_footer","meta":{"footnotes":""},"class_list":["post-51","page","type-page","status-publish","hentry"],"_links":{"self":[{"href":"https:\/\/gr14.vxsct59016.avnam.net\/index.php?rest_route=\/wp\/v2\/pages\/51","targetHints":{"allow":["GET"]}}],"collection":[{"href":"https:\/\/gr14.vxsct59016.avnam.net\/index.php?rest_route=\/wp\/v2\/pages"}],"about":[{"href":"https:\/\/gr14.vxsct59016.avnam.net\/index.php?rest_route=\/wp\/v2\/types\/page"}],"author":[{"embeddable":true,"href":"https:\/\/gr14.vxsct59016.avnam.net\/index.php?rest_route=\/wp\/v2\/users\/4"}],"replies":[{"embeddable":true,"href":"https:\/\/gr14.vxsct59016.avnam.net\/index.php?rest_route=%2Fwp%2Fv2%2Fcomments&post=51"}],"version-history":[{"count":21,"href":"https:\/\/gr14.vxsct59016.avnam.net\/index.php?rest_route=\/wp\/v2\/pages\/51\/revisions"}],"predecessor-version":[{"id":936,"href":"https:\/\/gr14.vxsct59016.avnam.net\/index.php?rest_route=\/wp\/v2\/pages\/51\/revisions\/936"}],"wp:attachment":[{"href":"https:\/\/gr14.vxsct59016.avnam.net\/index.php?rest_route=%2Fwp%2Fv2%2Fmedia&parent=51"}],"curies":[{"name":"wp","href":"https:\/\/api.w.org\/{rel}","templated":true}]}}