{"id":546,"date":"2025-06-01T20:25:47","date_gmt":"2025-06-01T18:25:47","guid":{"rendered":"https:\/\/gr14.vxsct59016.avnam.net\/?page_id=546"},"modified":"2025-07-31T21:46:30","modified_gmt":"2025-07-31T19:46:30","slug":"copiarespaldonotocar","status":"publish","type":"page","link":"https:\/\/gr14.vxsct59016.avnam.net\/","title":{"rendered":"CopiaRespaldoNoTocar"},"content":{"rendered":"\t\t<div data-elementor-type=\"wp-page\" data-elementor-id=\"546\" class=\"elementor elementor-546\">\n\t\t\t\t<div class=\"elementor-element elementor-element-895d0e9 e-flex e-con-boxed e-con e-parent\" data-id=\"895d0e9\" data-element_type=\"container\" data-settings=\"{&quot;background_background&quot;:&quot;classic&quot;}\">\n\t\t\t\t\t<div class=\"e-con-inner\">\n\t\t<div class=\"elementor-element elementor-element-453a7bc e-con-full e-flex e-con e-child\" data-id=\"453a7bc\" data-element_type=\"container\" data-settings=\"{&quot;background_background&quot;:&quot;classic&quot;}\">\n\t\t\t\t<div class=\"elementor-element elementor-element-b845fda elementor-widget elementor-widget-heading\" data-id=\"b845fda\" data-element_type=\"widget\" data-widget_type=\"heading.default\">\n\t\t\t\t<div class=\"elementor-widget-container\">\n\t\t\t\t\t<h1 class=\"elementor-heading-title elementor-size-default\">Bienvenidos a Paradise!<\/h1>\t\t\t\t<\/div>\n\t\t\t\t<\/div>\n\t\t\t\t<div class=\"elementor-element elementor-element-aeb259f elementor-widget elementor-widget-menu-anchor\" data-id=\"aeb259f\" data-element_type=\"widget\" data-widget_type=\"menu-anchor.default\">\n\t\t\t\t<div class=\"elementor-widget-container\">\n\t\t\t\t\t\t\t<div class=\"elementor-menu-anchor\" id=\"item1\"><\/div>\n\t\t\t\t\t\t<\/div>\n\t\t\t\t<\/div>\n\t\t\t\t<div class=\"elementor-element elementor-element-36cdadb elementor-widget__width-initial elementor-widget elementor-widget-heading\" data-id=\"36cdadb\" data-element_type=\"widget\" data-widget_type=\"heading.default\">\n\t\t\t\t<div class=\"elementor-widget-container\">\n\t\t\t\t\t<h3 class=\"elementor-heading-title elementor-size-default\">Clases para todas las edades. \u00a1Aprende a dibujar desde cero o perfecciona tu t\u00e9cnica!<\/h3>\t\t\t\t<\/div>\n\t\t\t\t<\/div>\n\t\t\t\t<div class=\"elementor-element elementor-element-8f45a02 elementor-align-center elementor-widget elementor-widget-button\" data-id=\"8f45a02\" data-element_type=\"widget\" data-widget_type=\"button.default\">\n\t\t\t\t<div class=\"elementor-widget-container\">\n\t\t\t\t\t\t\t\t\t<div class=\"elementor-button-wrapper\">\n\t\t\t\t\t<a class=\"elementor-button elementor-button-link elementor-size-sm\" href=\"#item2\">\n\t\t\t\t\t\t<span class=\"elementor-button-content-wrapper\">\n\t\t\t\t\t\t\t\t\t<span class=\"elementor-button-text\">Conocer m\u00e1s<\/span>\n\t\t\t\t\t<\/span>\n\t\t\t\t\t<\/a>\n\t\t\t\t<\/div>\n\t\t\t\t\t\t\t\t<\/div>\n\t\t\t\t<\/div>\n\t\t\t\t<\/div>\n\t\t<div class=\"elementor-element elementor-element-aa10a69 e-con-full e-flex e-con e-child\" data-id=\"aa10a69\" data-element_type=\"container\">\n\t\t\t\t<div class=\"elementor-element elementor-element-d75f756 elementor-widget elementor-widget-heading\" data-id=\"d75f756\" data-element_type=\"widget\" data-widget_type=\"heading.default\">\n\t\t\t\t<div class=\"elementor-widget-container\">\n\t\t\t\t\t<h1 class=\"elementor-heading-title elementor-size-default\">Trabajo de Alumnos<\/h1>\t\t\t\t<\/div>\n\t\t\t\t<\/div>\n\t\t\t\t<div class=\"elementor-element elementor-element-3dc37de elementor-invisible elementor-widget elementor-widget-heading\" data-id=\"3dc37de\" data-element_type=\"widget\" data-settings=\"{&quot;_animation&quot;:&quot;fadeInUp&quot;}\" data-widget_type=\"heading.default\">\n\t\t\t\t<div class=\"elementor-widget-container\">\n\t\t\t\t\t<h4 class=\"elementor-heading-title elementor-size-default\">Mira lo que podes lograr, m\u00e1s obras en mi galer\u00eda<\/h4>\t\t\t\t<\/div>\n\t\t\t\t<\/div>\n\t\t\t\t<div class=\"elementor-element elementor-element-625b552 elementor-widget elementor-widget-menu-anchor\" data-id=\"625b552\" data-element_type=\"widget\" data-widget_type=\"menu-anchor.default\">\n\t\t\t\t<div class=\"elementor-widget-container\">\n\t\t\t\t\t\t\t<div class=\"elementor-menu-anchor\" id=\"item3\"><\/div>\n\t\t\t\t\t\t<\/div>\n\t\t\t\t<\/div>\n\t\t\t\t<div class=\"elementor-element elementor-element-915b493 gallery-spacing-custom elementor-invisible elementor-widget elementor-widget-image-gallery\" data-id=\"915b493\" data-element_type=\"widget\" data-settings=\"{&quot;_animation&quot;:&quot;bounceIn&quot;}\" data-widget_type=\"image-gallery.default\">\n\t\t\t\t<div class=\"elementor-widget-container\">\n\t\t\t\t\t\t\t<div class=\"elementor-image-gallery\">\n\t\t\t<div id='gallery-1' class='gallery galleryid-546 gallery-columns-5 gallery-size-medium'><figure class='gallery-item'>\n\t\t\t<div class='gallery-icon portrait'>\n\t\t\t\t<img fetchpriority=\"high\" decoding=\"async\" width=\"226\" height=\"300\" src=\"https:\/\/gr14.vxsct59016.avnam.net\/wp-content\/uploads\/2025\/05\/WhatsApp-Image-2025-05-28-at-11.12.06-PM-226x300.jpeg\" class=\"attachment-medium size-medium\" alt=\"\" srcset=\"https:\/\/gr14.vxsct59016.avnam.net\/wp-content\/uploads\/2025\/05\/WhatsApp-Image-2025-05-28-at-11.12.06-PM-226x300.jpeg 226w, https:\/\/gr14.vxsct59016.avnam.net\/wp-content\/uploads\/2025\/05\/WhatsApp-Image-2025-05-28-at-11.12.06-PM-771x1024.jpeg 771w, https:\/\/gr14.vxsct59016.avnam.net\/wp-content\/uploads\/2025\/05\/WhatsApp-Image-2025-05-28-at-11.12.06-PM-768x1021.jpeg 768w, https:\/\/gr14.vxsct59016.avnam.net\/wp-content\/uploads\/2025\/05\/WhatsApp-Image-2025-05-28-at-11.12.06-PM-1156x1536.jpeg 1156w, https:\/\/gr14.vxsct59016.avnam.net\/wp-content\/uploads\/2025\/05\/WhatsApp-Image-2025-05-28-at-11.12.06-PM.jpeg 1204w\" sizes=\"(max-width: 226px) 100vw, 226px\" \/>\n\t\t\t<\/div><\/figure><figure class='gallery-item'>\n\t\t\t<div class='gallery-icon portrait'>\n\t\t\t\t<img decoding=\"async\" width=\"225\" height=\"300\" src=\"https:\/\/gr14.vxsct59016.avnam.net\/wp-content\/uploads\/2025\/05\/WhatsApp-Image-2025-05-23-at-10.24.43-PM-6-e1748808461419-225x300.jpeg\" class=\"attachment-medium size-medium\" alt=\"\" srcset=\"https:\/\/gr14.vxsct59016.avnam.net\/wp-content\/uploads\/2025\/05\/WhatsApp-Image-2025-05-23-at-10.24.43-PM-6-e1748808461419-225x300.jpeg 225w, https:\/\/gr14.vxsct59016.avnam.net\/wp-content\/uploads\/2025\/05\/WhatsApp-Image-2025-05-23-at-10.24.43-PM-6-e1748808461419-767x1024.jpeg 767w, https:\/\/gr14.vxsct59016.avnam.net\/wp-content\/uploads\/2025\/05\/WhatsApp-Image-2025-05-23-at-10.24.43-PM-6-e1748808461419-768x1026.jpeg 768w, https:\/\/gr14.vxsct59016.avnam.net\/wp-content\/uploads\/2025\/05\/WhatsApp-Image-2025-05-23-at-10.24.43-PM-6-e1748808461419.jpeg 932w\" sizes=\"(max-width: 225px) 100vw, 225px\" \/>\n\t\t\t<\/div><\/figure><figure class='gallery-item'>\n\t\t\t<div class='gallery-icon portrait'>\n\t\t\t\t<img decoding=\"async\" width=\"226\" height=\"300\" src=\"https:\/\/gr14.vxsct59016.avnam.net\/wp-content\/uploads\/2025\/05\/WhatsApp-Image-2025-05-23-at-10.24.43-PM-4-226x300.jpeg\" class=\"attachment-medium size-medium\" alt=\"\" srcset=\"https:\/\/gr14.vxsct59016.avnam.net\/wp-content\/uploads\/2025\/05\/WhatsApp-Image-2025-05-23-at-10.24.43-PM-4-226x300.jpeg 226w, https:\/\/gr14.vxsct59016.avnam.net\/wp-content\/uploads\/2025\/05\/WhatsApp-Image-2025-05-23-at-10.24.43-PM-4-771x1024.jpeg 771w, https:\/\/gr14.vxsct59016.avnam.net\/wp-content\/uploads\/2025\/05\/WhatsApp-Image-2025-05-23-at-10.24.43-PM-4-768x1021.jpeg 768w, https:\/\/gr14.vxsct59016.avnam.net\/wp-content\/uploads\/2025\/05\/WhatsApp-Image-2025-05-23-at-10.24.43-PM-4-1156x1536.jpeg 1156w, https:\/\/gr14.vxsct59016.avnam.net\/wp-content\/uploads\/2025\/05\/WhatsApp-Image-2025-05-23-at-10.24.43-PM-4.jpeg 1204w\" sizes=\"(max-width: 226px) 100vw, 226px\" \/>\n\t\t\t<\/div><\/figure><figure class='gallery-item'>\n\t\t\t<div class='gallery-icon portrait'>\n\t\t\t\t<img loading=\"lazy\" decoding=\"async\" width=\"226\" height=\"300\" src=\"https:\/\/gr14.vxsct59016.avnam.net\/wp-content\/uploads\/2025\/05\/WhatsApp-Image-2025-05-23-at-10.24.43-PM-1-226x300.jpeg\" class=\"attachment-medium size-medium\" alt=\"\" srcset=\"https:\/\/gr14.vxsct59016.avnam.net\/wp-content\/uploads\/2025\/05\/WhatsApp-Image-2025-05-23-at-10.24.43-PM-1-226x300.jpeg 226w, https:\/\/gr14.vxsct59016.avnam.net\/wp-content\/uploads\/2025\/05\/WhatsApp-Image-2025-05-23-at-10.24.43-PM-1-770x1024.jpeg 770w, https:\/\/gr14.vxsct59016.avnam.net\/wp-content\/uploads\/2025\/05\/WhatsApp-Image-2025-05-23-at-10.24.43-PM-1-768x1021.jpeg 768w, https:\/\/gr14.vxsct59016.avnam.net\/wp-content\/uploads\/2025\/05\/WhatsApp-Image-2025-05-23-at-10.24.43-PM-1.jpeg 963w\" sizes=\"(max-width: 226px) 100vw, 226px\" \/>\n\t\t\t<\/div><\/figure><figure class='gallery-item'>\n\t\t\t<div class='gallery-icon portrait'>\n\t\t\t\t<img loading=\"lazy\" decoding=\"async\" width=\"226\" height=\"300\" src=\"https:\/\/gr14.vxsct59016.avnam.net\/wp-content\/uploads\/2025\/05\/WhatsApp-Image-2025-05-23-at-10.24.43-PM-2-226x300.jpeg\" class=\"attachment-medium size-medium\" alt=\"\" srcset=\"https:\/\/gr14.vxsct59016.avnam.net\/wp-content\/uploads\/2025\/05\/WhatsApp-Image-2025-05-23-at-10.24.43-PM-2-226x300.jpeg 226w, https:\/\/gr14.vxsct59016.avnam.net\/wp-content\/uploads\/2025\/05\/WhatsApp-Image-2025-05-23-at-10.24.43-PM-2-770x1024.jpeg 770w, https:\/\/gr14.vxsct59016.avnam.net\/wp-content\/uploads\/2025\/05\/WhatsApp-Image-2025-05-23-at-10.24.43-PM-2-768x1021.jpeg 768w, https:\/\/gr14.vxsct59016.avnam.net\/wp-content\/uploads\/2025\/05\/WhatsApp-Image-2025-05-23-at-10.24.43-PM-2.jpeg 963w\" sizes=\"(max-width: 226px) 100vw, 226px\" \/>\n\t\t\t<\/div><\/figure><figure class='gallery-item'>\n\t\t\t<div class='gallery-icon portrait'>\n\t\t\t\t<img loading=\"lazy\" decoding=\"async\" width=\"223\" height=\"300\" src=\"https:\/\/gr14.vxsct59016.avnam.net\/wp-content\/uploads\/2025\/05\/WhatsApp-Image-2025-05-23-at-10.24.43-PM-e1748808996396-223x300.jpeg\" class=\"attachment-medium size-medium\" alt=\"\" srcset=\"https:\/\/gr14.vxsct59016.avnam.net\/wp-content\/uploads\/2025\/05\/WhatsApp-Image-2025-05-23-at-10.24.43-PM-e1748808996396-223x300.jpeg 223w, https:\/\/gr14.vxsct59016.avnam.net\/wp-content\/uploads\/2025\/05\/WhatsApp-Image-2025-05-23-at-10.24.43-PM-e1748808996396.jpeg 574w\" sizes=\"(max-width: 223px) 100vw, 223px\" \/>\n\t\t\t<\/div><\/figure>\n\t\t<\/div>\n\t\t<\/div>\n\t\t\t\t\t\t<\/div>\n\t\t\t\t<\/div>\n\t\t\t\t<\/div>\n\t\t<div class=\"elementor-element elementor-element-be1d257 e-con-full e-flex e-con e-child\" data-id=\"be1d257\" data-element_type=\"container\">\n\t\t\t\t<div class=\"elementor-element elementor-element-628beee elementor-widget elementor-widget-heading\" data-id=\"628beee\" data-element_type=\"widget\" data-widget_type=\"heading.default\">\n\t\t\t\t<div class=\"elementor-widget-container\">\n\t\t\t\t\t<h1 class=\"elementor-heading-title elementor-size-default\">Trabajos de la profesora<\/h1>\t\t\t\t<\/div>\n\t\t\t\t<\/div>\n\t\t\t\t<div class=\"elementor-element elementor-element-58a6c64 gallery-spacing-custom elementor-invisible elementor-widget elementor-widget-image-gallery\" data-id=\"58a6c64\" data-element_type=\"widget\" data-settings=\"{&quot;_animation&quot;:&quot;bounceIn&quot;}\" data-widget_type=\"image-gallery.default\">\n\t\t\t\t<div class=\"elementor-widget-container\">\n\t\t\t\t\t\t\t<div class=\"elementor-image-gallery\">\n\t\t\t<div id='gallery-2' class='gallery galleryid-546 gallery-columns-5 gallery-size-medium_large'><figure class='gallery-item'>\n\t\t\t<div class='gallery-icon landscape'>\n\t\t\t\t<img loading=\"lazy\" decoding=\"async\" width=\"640\" height=\"640\" src=\"https:\/\/gr14.vxsct59016.avnam.net\/wp-content\/uploads\/2025\/05\/Imagen-de-WhatsApp-2025-05-26-a-las-20.41.50_b919ced1.jpg\" class=\"attachment-medium_large size-medium_large\" alt=\"\" srcset=\"https:\/\/gr14.vxsct59016.avnam.net\/wp-content\/uploads\/2025\/05\/Imagen-de-WhatsApp-2025-05-26-a-las-20.41.50_b919ced1.jpg 640w, https:\/\/gr14.vxsct59016.avnam.net\/wp-content\/uploads\/2025\/05\/Imagen-de-WhatsApp-2025-05-26-a-las-20.41.50_b919ced1-300x300.jpg 300w, https:\/\/gr14.vxsct59016.avnam.net\/wp-content\/uploads\/2025\/05\/Imagen-de-WhatsApp-2025-05-26-a-las-20.41.50_b919ced1-150x150.jpg 150w\" sizes=\"(max-width: 640px) 100vw, 640px\" \/>\n\t\t\t<\/div><\/figure><figure class='gallery-item'>\n\t\t\t<div class='gallery-icon landscape'>\n\t\t\t\t<img loading=\"lazy\" decoding=\"async\" width=\"640\" height=\"640\" src=\"https:\/\/gr14.vxsct59016.avnam.net\/wp-content\/uploads\/2025\/05\/Imagen-de-WhatsApp-2025-05-26-a-las-20.41.50_2c37e64c.jpg\" class=\"attachment-medium_large size-medium_large\" alt=\"\" srcset=\"https:\/\/gr14.vxsct59016.avnam.net\/wp-content\/uploads\/2025\/05\/Imagen-de-WhatsApp-2025-05-26-a-las-20.41.50_2c37e64c.jpg 640w, https:\/\/gr14.vxsct59016.avnam.net\/wp-content\/uploads\/2025\/05\/Imagen-de-WhatsApp-2025-05-26-a-las-20.41.50_2c37e64c-300x300.jpg 300w, https:\/\/gr14.vxsct59016.avnam.net\/wp-content\/uploads\/2025\/05\/Imagen-de-WhatsApp-2025-05-26-a-las-20.41.50_2c37e64c-150x150.jpg 150w\" sizes=\"(max-width: 640px) 100vw, 640px\" \/>\n\t\t\t<\/div><\/figure><figure class='gallery-item'>\n\t\t\t<div class='gallery-icon landscape'>\n\t\t\t\t<img loading=\"lazy\" decoding=\"async\" width=\"640\" height=\"640\" src=\"https:\/\/gr14.vxsct59016.avnam.net\/wp-content\/uploads\/2025\/05\/Imagen-de-WhatsApp-2025-05-26-a-las-20.41.48_875aa28c.jpg\" class=\"attachment-medium_large size-medium_large\" alt=\"\" srcset=\"https:\/\/gr14.vxsct59016.avnam.net\/wp-content\/uploads\/2025\/05\/Imagen-de-WhatsApp-2025-05-26-a-las-20.41.48_875aa28c.jpg 640w, https:\/\/gr14.vxsct59016.avnam.net\/wp-content\/uploads\/2025\/05\/Imagen-de-WhatsApp-2025-05-26-a-las-20.41.48_875aa28c-300x300.jpg 300w, https:\/\/gr14.vxsct59016.avnam.net\/wp-content\/uploads\/2025\/05\/Imagen-de-WhatsApp-2025-05-26-a-las-20.41.48_875aa28c-150x150.jpg 150w\" sizes=\"(max-width: 640px) 100vw, 640px\" \/>\n\t\t\t<\/div><\/figure><figure class='gallery-item'>\n\t\t\t<div class='gallery-icon landscape'>\n\t\t\t\t<img loading=\"lazy\" decoding=\"async\" width=\"768\" height=\"768\" src=\"https:\/\/gr14.vxsct59016.avnam.net\/wp-content\/uploads\/2025\/05\/Imagen-de-WhatsApp-2025-05-26-a-las-18.10.59_d2bfdc28-768x768.jpg\" class=\"attachment-medium_large size-medium_large\" alt=\"\" srcset=\"https:\/\/gr14.vxsct59016.avnam.net\/wp-content\/uploads\/2025\/05\/Imagen-de-WhatsApp-2025-05-26-a-las-18.10.59_d2bfdc28-768x768.jpg 768w, https:\/\/gr14.vxsct59016.avnam.net\/wp-content\/uploads\/2025\/05\/Imagen-de-WhatsApp-2025-05-26-a-las-18.10.59_d2bfdc28-300x300.jpg 300w, https:\/\/gr14.vxsct59016.avnam.net\/wp-content\/uploads\/2025\/05\/Imagen-de-WhatsApp-2025-05-26-a-las-18.10.59_d2bfdc28-1024x1024.jpg 1024w, https:\/\/gr14.vxsct59016.avnam.net\/wp-content\/uploads\/2025\/05\/Imagen-de-WhatsApp-2025-05-26-a-las-18.10.59_d2bfdc28-150x150.jpg 150w, https:\/\/gr14.vxsct59016.avnam.net\/wp-content\/uploads\/2025\/05\/Imagen-de-WhatsApp-2025-05-26-a-las-18.10.59_d2bfdc28.jpg 1080w\" sizes=\"(max-width: 768px) 100vw, 768px\" \/>\n\t\t\t<\/div><\/figure><figure class='gallery-item'>\n\t\t\t<div class='gallery-icon landscape'>\n\t\t\t\t<img loading=\"lazy\" decoding=\"async\" width=\"768\" height=\"768\" src=\"https:\/\/gr14.vxsct59016.avnam.net\/wp-content\/uploads\/2025\/05\/Imagen-de-WhatsApp-2025-05-26-a-las-18.10.59_2e0f4b68-768x768.jpg\" class=\"attachment-medium_large size-medium_large\" alt=\"\" srcset=\"https:\/\/gr14.vxsct59016.avnam.net\/wp-content\/uploads\/2025\/05\/Imagen-de-WhatsApp-2025-05-26-a-las-18.10.59_2e0f4b68-768x768.jpg 768w, https:\/\/gr14.vxsct59016.avnam.net\/wp-content\/uploads\/2025\/05\/Imagen-de-WhatsApp-2025-05-26-a-las-18.10.59_2e0f4b68-300x300.jpg 300w, https:\/\/gr14.vxsct59016.avnam.net\/wp-content\/uploads\/2025\/05\/Imagen-de-WhatsApp-2025-05-26-a-las-18.10.59_2e0f4b68-1024x1024.jpg 1024w, https:\/\/gr14.vxsct59016.avnam.net\/wp-content\/uploads\/2025\/05\/Imagen-de-WhatsApp-2025-05-26-a-las-18.10.59_2e0f4b68-150x150.jpg 150w, https:\/\/gr14.vxsct59016.avnam.net\/wp-content\/uploads\/2025\/05\/Imagen-de-WhatsApp-2025-05-26-a-las-18.10.59_2e0f4b68.jpg 1080w\" sizes=\"(max-width: 768px) 100vw, 768px\" \/>\n\t\t\t<\/div><\/figure><figure class='gallery-item'>\n\t\t\t<div class='gallery-icon portrait'>\n\t\t\t\t<img loading=\"lazy\" decoding=\"async\" width=\"768\" height=\"960\" src=\"https:\/\/gr14.vxsct59016.avnam.net\/wp-content\/uploads\/2025\/05\/Imagen-de-WhatsApp-2025-05-26-a-las-21.45.47_9c9de7e6-768x960.jpg\" class=\"attachment-medium_large size-medium_large\" alt=\"\" srcset=\"https:\/\/gr14.vxsct59016.avnam.net\/wp-content\/uploads\/2025\/05\/Imagen-de-WhatsApp-2025-05-26-a-las-21.45.47_9c9de7e6-768x960.jpg 768w, https:\/\/gr14.vxsct59016.avnam.net\/wp-content\/uploads\/2025\/05\/Imagen-de-WhatsApp-2025-05-26-a-las-21.45.47_9c9de7e6-240x300.jpg 240w, https:\/\/gr14.vxsct59016.avnam.net\/wp-content\/uploads\/2025\/05\/Imagen-de-WhatsApp-2025-05-26-a-las-21.45.47_9c9de7e6-819x1024.jpg 819w, https:\/\/gr14.vxsct59016.avnam.net\/wp-content\/uploads\/2025\/05\/Imagen-de-WhatsApp-2025-05-26-a-las-21.45.47_9c9de7e6-e1748809760494.jpg 640w\" sizes=\"(max-width: 768px) 100vw, 768px\" \/>\n\t\t\t<\/div><\/figure>\n\t\t<\/div>\n\t\t<\/div>\n\t\t\t\t\t\t<\/div>\n\t\t\t\t<\/div>\n\t\t\t\t<div class=\"elementor-element elementor-element-e5f6fa4 elementor-invisible elementor-widget elementor-widget-text-editor\" data-id=\"e5f6fa4\" data-element_type=\"widget\" data-settings=\"{&quot;_animation&quot;:&quot;fadeInUp&quot;}\" data-widget_type=\"text-editor.default\">\n\t\t\t\t<div class=\"elementor-widget-container\">\n\t\t\t\t\t\t\t\t\t<h1><b>Sobre mi:\u00a0<\/b><\/h1><h5>\u00abSoy Julieta Ferrari, soy profesora\u00a0en mi Taller de Dibujo. Me apasiona el arte y la ense\u00f1anza, y amo compartir mis conocimientos y habilidades con mis alumnos.<br \/>Mi experiencia y formaci\u00f3n:<\/h5><ul><li>Estudi\u00e9 9 a\u00f1os en el Atelier de dibujo y pintura Tamayo.<\/li><\/ul><ul><li>Certificado de promoci\u00f3n a Profesora de dibujo.<\/li><\/ul><ul><li>Experiencia ense\u00f1ando dibujo y pintura a estudiantes de todas las edades y niveles.\u00bb<\/li><\/ul><h5>\u00a0<\/h5><h1>\u00a0<b>\u00bfPor qu\u00e9 ense\u00f1o dibujo?<\/b><\/h1><h5>\u00abMe encanta ver a mis alumnos crecer y desarrollarse como artistas, y saber que estoy contribuyendo a su crecimiento creativo y personal. Me gusta brindarles todas las herramientas y t\u00e9cnicas, para que luego puedan elegir que les gusta y perfeccionarlo. Quiero que mis alumnos se sientan motivados y emocionados de crear, y que puedan aplicar sus habilidades art\u00edsticas en su vida diaria.\u00bb<\/h5>\t\t\t\t\t\t\t\t<\/div>\n\t\t\t\t<\/div>\n\t\t<div class=\"elementor-element elementor-element-0eac692 e-con-full e-flex e-con e-child\" data-id=\"0eac692\" data-element_type=\"container\">\n\t\t\t\t<\/div>\n\t\t<div class=\"elementor-element elementor-element-81e34bb e-con-full e-flex e-con e-child\" data-id=\"81e34bb\" data-element_type=\"container\" data-settings=\"{&quot;background_background&quot;:&quot;classic&quot;}\">\n\t\t\t\t<div class=\"elementor-element elementor-element-7aacfc1 elementor-widget__width-initial elementor-widget elementor-widget-heading\" data-id=\"7aacfc1\" data-element_type=\"widget\" data-widget_type=\"heading.default\">\n\t\t\t\t<div class=\"elementor-widget-container\">\n\t\t\t\t\t<h1 class=\"elementor-heading-title elementor-size-default\">Testimonios<\/h1>\t\t\t\t<\/div>\n\t\t\t\t<\/div>\n\t\t\t\t<div class=\"elementor-element elementor-element-bc208d7 elementor-widget__width-initial elementor-widget elementor-widget-heading\" data-id=\"bc208d7\" data-element_type=\"widget\" data-widget_type=\"heading.default\">\n\t\t\t\t<div class=\"elementor-widget-container\">\n\t\t\t\t\t<h5 class=\"elementor-heading-title elementor-size-default\">\u201cNunca pens\u00e9 que podr\u00eda dibujar tan bien en solo 3 meses.\u201d \u2013 Mar\u00eda, 34 a\u00f1os<\/h5>\t\t\t\t<\/div>\n\t\t\t\t<\/div>\n\t\t\t\t<div class=\"elementor-element elementor-element-cffd785 elementor-widget__width-initial elementor-widget elementor-widget-heading\" data-id=\"cffd785\" data-element_type=\"widget\" data-widget_type=\"heading.default\">\n\t\t\t\t<div class=\"elementor-widget-container\">\n\t\t\t\t\t<h5 class=\"elementor-heading-title elementor-size-default\">\u201cMi hijo ama las clases de los s\u00e1bados.\u201d \u2013 Carlos, pap\u00e1 de Tom\u00e1s<\/h5>\t\t\t\t<\/div>\n\t\t\t\t<\/div>\n\t\t\t\t<\/div>\n\t\t\t\t<\/div>\n\t\t\t\t\t<\/div>\n\t\t\t\t<\/div>\n\t\t\t\t<\/div>\n\t\t","protected":false},"excerpt":{"rendered":"<p>Bienvenidos a Paradise! Clases para todas las edades. \u00a1Aprende a dibujar desde cero o perfecciona tu t\u00e9cnica! Conocer m\u00e1s Trabajo de Alumnos Mira lo que podes lograr, m\u00e1s obras en mi galer\u00eda Trabajos de la profesora Sobre mi:\u00a0 \u00abSoy Julieta Ferrari, soy profesora\u00a0en mi Taller de Dibujo. Me apasiona el arte y la ense\u00f1anza, y [&hellip;]<\/p>\n","protected":false},"author":4,"featured_media":0,"parent":0,"menu_order":0,"comment_status":"closed","ping_status":"closed","template":"elementor_header_footer","meta":{"footnotes":""},"class_list":["post-546","page","type-page","status-publish","hentry"],"_links":{"self":[{"href":"https:\/\/gr14.vxsct59016.avnam.net\/index.php?rest_route=\/wp\/v2\/pages\/546","targetHints":{"allow":["GET"]}}],"collection":[{"href":"https:\/\/gr14.vxsct59016.avnam.net\/index.php?rest_route=\/wp\/v2\/pages"}],"about":[{"href":"https:\/\/gr14.vxsct59016.avnam.net\/index.php?rest_route=\/wp\/v2\/types\/page"}],"author":[{"embeddable":true,"href":"https:\/\/gr14.vxsct59016.avnam.net\/index.php?rest_route=\/wp\/v2\/users\/4"}],"replies":[{"embeddable":true,"href":"https:\/\/gr14.vxsct59016.avnam.net\/index.php?rest_route=%2Fwp%2Fv2%2Fcomments&post=546"}],"version-history":[{"count":147,"href":"https:\/\/gr14.vxsct59016.avnam.net\/index.php?rest_route=\/wp\/v2\/pages\/546\/revisions"}],"predecessor-version":[{"id":1009,"href":"https:\/\/gr14.vxsct59016.avnam.net\/index.php?rest_route=\/wp\/v2\/pages\/546\/revisions\/1009"}],"wp:attachment":[{"href":"https:\/\/gr14.vxsct59016.avnam.net\/index.php?rest_route=%2Fwp%2Fv2%2Fmedia&parent=546"}],"curies":[{"name":"wp","href":"https:\/\/api.w.org\/{rel}","templated":true}]}}